{"id":32,"date":"2022-05-09T01:09:21","date_gmt":"2022-05-09T01:09:21","guid":{"rendered":"https:\/\/asusenre.com\/?page_id=32"},"modified":"2026-01-22T16:17:57","modified_gmt":"2026-01-22T16:17:57","slug":"inicio","status":"publish","type":"page","link":"https:\/\/asusenre.com\/","title":{"rendered":"Inicio"},"content":{"rendered":"\n<div class=\"wp-block-buttons has-luminous-vivid-amber-to-luminous-vivid-orange-gradient-background has-background is-content-justification-center is-layout-flex wp-container-core-buttons-is-layout-16018d1d wp-block-buttons-is-layout-flex\">\n<div class=\"wp-block-button\"><a class=\"wp-block-button__link has-luminous-vivid-orange-background-color has-background has-text-align-center wp-element-button\"><strong>DENUNCIAR ABUSO ENERG\u00c9TICO<\/strong><\/a><\/div>\n<\/div>\n\n\n\n<p class=\"has-text-align-center has-electric-grass-gradient-background has-background\" style=\"font-size:12px\"><strong>Asesor\u00eda especializada financiada por la subvenci\u00f3n 2025 para la defensa del usuario.<\/strong><\/p>\n\n\n<p>[et_pb_section fb_built=\u00bb1&#8243; fullwidth=\u00bbon\u00bb _builder_version=\u00bb4.9.4&#8243; _module_preset=\u00bbdefault\u00bb][et_pb_fullwidth_header title=\u00bbAUER\u00bb subhead=\u00bbAsociaci\u00f3n de usuarios de Energ\u00edas Renovables\u00bb text_orientation=\u00bbcenter\u00bb header_fullscreen=\u00bbon\u00bb logo_image_url=\u00bbhttps:\/\/asusenre.com\/wp-content\/uploads\/LOGO-2-300&#215;300.png\u00bb content_max_width=\u00bb50%\u00bb _builder_version=\u00bb4.9.4&#8243; _module_preset=\u00bbdefault\u00bb title_text_align=\u00bbcenter\u00bb title_text_color=\u00bb#000000&#8243; title_font_size=\u00bb60px\u00bb content_text_color=\u00bb#000000&#8243; content_font_size=\u00bb17px\u00bb content_line_height=\u00bb2.5em\u00bb subhead_text_color=\u00bb#000000&#8243; subhead_font_size=\u00bb14px\u00bb subhead_letter_spacing=\u00bb5px\u00bb background_enable_color=\u00bboff\u00bb use_background_color_gradient=\u00bbon\u00bb background_color_gradient_start=\u00bbrgba(255,255,255,0.76)\u00bb background_color_gradient_end=\u00bbrgba(255,255,255,0.85)\u00bb background_color_gradient_overlays_image=\u00bbon\u00bb background_image=\u00bbhttps:\/\/asusenre.com\/wp-content\/uploads\/autoconsumo-electrico-823&#215;400-1.jpg\u00bb]<\/p>\n<p><strong>Promoviendo el autoconsumo de energ\u00eda<\/strong><\/p>\n<p>[\/et_pb_fullwidth_header][\/et_pb_section][et_pb_section fb_built=\u00bb1&#8243; _builder_version=\u00bb4.9.4&#8243; _module_preset=\u00bbdefault\u00bb][et_pb_row _builder_version=\u00bb4.9.4&#8243; _module_preset=\u00bbdefault\u00bb custom_padding=\u00bb||3px|||\u00bb][et_pb_column type=\u00bb4_4&#8243; _builder_version=\u00bb4.9.4&#8243; _module_preset=\u00bbdefault\u00bb][et_pb_text _builder_version=\u00bb4.9.4&#8243; _module_preset=\u00bbdefault\u00bb custom_padding=\u00bb||3px|||\u00bb]<\/p>\n<h1 style=\"text-align: justify;\"><strong>Nuestro origen<\/strong><\/h1>\n<p>\u00a0<\/p>\n<p style=\"text-align: justify;\">La Asociaci\u00f3n de Usuarios de Energ\u00edas Renovables (AUER) es una Entidad Regional que nace de una estafa a nivel nacional de una empresa de venta de placas termosolares llamada IBESOL. Los consumidores afectados decidimos crear una asociaci\u00f3n sin \u00e1nimo de lucro para ayudar, no solo a los afectados por esta problem\u00e1tica, tambien, a otros consumidores y usuarios de este tipo de energ\u00edas en la Regi\u00f3n de Murcia brindando informaci\u00f3n de \u00edndole, entre cuestiones administrativas, cambio en la legislaci\u00f3n, la forma en que las empresas operan, temas relacionados con el mantenimiento de las unidades. Adem\u00e1s de educaci\u00f3n y toma de conciencia en materia de energ\u00edas renovables.<\/p>\n<p>\u00a0<\/p>\n<p>[\/et_pb_text][\/et_pb_column][\/et_pb_row][et_pb_row _builder_version=\u00bb4.9.4&#8243; _module_preset=\u00bbdefault\u00bb custom_margin=\u00bb2px|auto||auto||\u00bb][et_pb_column type=\u00bb4_4&#8243; _builder_version=\u00bb4.9.4&#8243; _module_preset=\u00bbdefault\u00bb][et_pb_text _builder_version=\u00bb4.9.4&#8243; _module_preset=\u00bbdefault\u00bb]<\/p>\n<h1><strong>Qu\u00e9 hacemos<\/strong><\/h1>\n<p>[\/et_pb_text][\/et_pb_column][\/et_pb_row][et_pb_row column_structure=\u00bb1_2,1_2&#8243; _builder_version=\u00bb4.9.4&#8243; _module_preset=\u00bbdefault\u00bb custom_margin=\u00bb1px|auto||auto||\u00bb][et_pb_column type=\u00bb1_2&#8243; _builder_version=\u00bb4.9.4&#8243; _module_preset=\u00bbdefault\u00bb][et_pb_text _builder_version=\u00bb4.9.4&#8243; _module_preset=\u00bbdefault\u00bb]<\/p>\n<p style=\"text-align: justify;\">Promovemos, informamos, formamos y defendemos los derechos e intereses de los usuarios de las energ\u00edas renovables, esto en el marco normativo de los derechos y obligaciones de los consumidores y usuarios.<\/p>\n<p>[\/et_pb_text][\/et_pb_column][et_pb_column type=\u00bb1_2&#8243; _builder_version=\u00bb4.9.4&#8243; _module_preset=\u00bbdefault\u00bb][et_pb_text _builder_version=\u00bb4.9.4&#8243; _module_preset=\u00bbdefault\u00bb]<\/p>\n<p style=\"text-align: justify;\">Adem\u00e1s, autogestionamos servicios de instalaci\u00f3n, mantenimiento, reparaci\u00f3n de todos aquellos equipos de suministro de energ\u00edas renovables en los hogares de nuestros miembros, socios de la asociaci\u00f3n.<\/p>\n<p>[\/et_pb_text][\/et_pb_column][\/et_pb_row][et_pb_row column_structure=\u00bb1_2,1_2&#8243; _builder_version=\u00bb4.9.4&#8243; _module_preset=\u00bbdefault\u00bb][et_pb_column type=\u00bb1_2&#8243; _builder_version=\u00bb4.9.4&#8243; _module_preset=\u00bbdefault\u00bb][et_pb_image src=\u00bbhttps:\/\/asusenre.com\/wp-content\/uploads\/Save-murcia.png\u00bb title_text=\u00bbSave murcia\u00bb _builder_version=\u00bb4.9.4&#8243; _module_preset=\u00bbdefault\u00bb width=\u00bb75%\u00bb module_alignment=\u00bbcenter\u00bb custom_padding=\u00bb||1px|||\u00bb][\/et_pb_image][\/et_pb_column][et_pb_column type=\u00bb1_2&#8243; _builder_version=\u00bb4.9.4&#8243; _module_preset=\u00bbdefault\u00bb][et_pb_text _builder_version=\u00bb4.9.4&#8243; _module_preset=\u00bbdefault\u00bb]<\/p>\n<h1><strong>Nuestro alcance<\/strong><\/h1>\n<p>[\/et_pb_text][et_pb_text _builder_version=\u00bb4.9.4&#8243; _module_preset=\u00bbdefault\u00bb]<\/p>\n<p style=\"text-align: justify;\">Formalmente trabajamos a nivel regional, nos encontramos registrados a nivel asociativo en la Regi\u00f3n de Murcia y contamos con miembros asociados a lo largo y ancho de esta.<\/p>\n<p style=\"text-align: justify;\">Adem\u00e1s, contamos con socios en otras comunidades como Alicante y Andaluc\u00eda. Los cuales, indiferentemente de la ubicaci\u00f3n geogr\u00e1fica, gozan de todos los beneficios y tienen acceso a todos los servicios proveidos por nuestra asociaci\u00f3n.<\/p>\n<p>[\/et_pb_text][\/et_pb_column][\/et_pb_row][et_pb_row _builder_version=\u00bb4.9.4&#8243; _module_preset=\u00bbdefault\u00bb][et_pb_column type=\u00bb4_4&#8243; _builder_version=\u00bb4.9.4&#8243; _module_preset=\u00bbdefault\u00bb][et_pb_text _builder_version=\u00bb4.9.4&#8243; _module_preset=\u00bbdefault\u00bb]<\/p>\n<h2 style=\"text-align: justify;\">Nos encontramos alineados a m\u00e1s de uno de los 17 Objetivos de Desarrollo Sostenible de las Naciones Unidas<\/h2>\n<p>[\/et_pb_text][\/et_pb_column][\/et_pb_row][et_pb_row column_structure=\u00bb1_5,1_5,1_5,1_5,1_5&#8243; _builder_version=\u00bb4.9.4&#8243; _module_preset=\u00bbdefault\u00bb][et_pb_column type=\u00bb1_5&#8243; _builder_version=\u00bb4.9.4&#8243; _module_preset=\u00bbdefault\u00bb][et_pb_image src=\u00bbhttps:\/\/asusenre.com\/wp-content\/uploads\/ODS7.jpg\u00bb title_text=\u00bbODS7&#8243; url=\u00bbhttps:\/\/www.un.org\/sustainabledevelopment\/es\/energy\/\u00bb url_new_window=\u00bbon\u00bb _builder_version=\u00bb4.9.4&#8243; _module_preset=\u00bbdefault\u00bb][\/et_pb_image][\/et_pb_column][et_pb_column type=\u00bb1_5&#8243; _builder_version=\u00bb4.9.4&#8243; _module_preset=\u00bbdefault\u00bb][et_pb_image src=\u00bbhttps:\/\/asusenre.com\/wp-content\/uploads\/ODS11.jpg\u00bb title_text=\u00bbODS11&#8243; url=\u00bbhttps:\/\/www.un.org\/sustainabledevelopment\/es\/cities\/\u00bb url_new_window=\u00bbon\u00bb _builder_version=\u00bb4.9.4&#8243; _module_preset=\u00bbdefault\u00bb][\/et_pb_image][\/et_pb_column][et_pb_column type=\u00bb1_5&#8243; _builder_version=\u00bb4.9.4&#8243; _module_preset=\u00bbdefault\u00bb][et_pb_image src=\u00bbhttps:\/\/asusenre.com\/wp-content\/uploads\/ODS12.jpg\u00bb title_text=\u00bbODS12&#8243; url=\u00bbhttps:\/\/www.un.org\/sustainabledevelopment\/es\/sustainable-consumption-production\/\u00bb url_new_window=\u00bbon\u00bb _builder_version=\u00bb4.9.4&#8243; _module_preset=\u00bbdefault\u00bb][\/et_pb_image][\/et_pb_column][et_pb_column type=\u00bb1_5&#8243; _builder_version=\u00bb4.9.4&#8243; _module_preset=\u00bbdefault\u00bb][et_pb_image src=\u00bbhttps:\/\/asusenre.com\/wp-content\/uploads\/ODS13.jpg\u00bb title_text=\u00bbODS13&#8243; url=\u00bbhttps:\/\/www.un.org\/sustainabledevelopment\/es\/climate-change-2\/\u00bb url_new_window=\u00bbon\u00bb _builder_version=\u00bb4.9.4&#8243; _module_preset=\u00bbdefault\u00bb][\/et_pb_image][\/et_pb_column][et_pb_column type=\u00bb1_5&#8243; _builder_version=\u00bb4.9.4&#8243; _module_preset=\u00bbdefault\u00bb][et_pb_image src=\u00bbhttps:\/\/asusenre.com\/wp-content\/uploads\/ODS17.jpg\u00bb title_text=\u00bbODS17&#8243; url=\u00bbhttps:\/\/www.un.org\/sustainabledevelopment\/es\/globalpartnerships\/\u00bb url_new_window=\u00bbon\u00bb _builder_version=\u00bb4.9.4&#8243; _module_preset=\u00bbdefault\u00bb][\/et_pb_image][\/et_pb_column][\/et_pb_row][et_pb_row _builder_version=\u00bb4.9.4&#8243; _module_preset=\u00bbdefault\u00bb][et_pb_column type=\u00bb4_4&#8243; _builder_version=\u00bb4.9.4&#8243; _module_preset=\u00bbdefault\u00bb][et_pb_text _builder_version=\u00bb4.9.4&#8243; _module_preset=\u00bbdefault\u00bb]<\/p>\n<h1><strong>Nuestra junta directiva<\/strong><\/h1>\n<p>[\/et_pb_text][\/et_pb_column][\/et_pb_row][et_pb_row column_structure=\u00bb1_2,1_2&#8243; _builder_version=\u00bb4.9.4&#8243; _module_preset=\u00bbdefault\u00bb][et_pb_column type=\u00bb1_2&#8243; _builder_version=\u00bb4.9.4&#8243; _module_preset=\u00bbdefault\u00bb][et_pb_team_member name=\u00bbEsperanza S\u00e1nchez L\u00f3pez\u00bb position=\u00bbPresidenta\u00bb image_url=\u00bbhttps:\/\/asusenre.com\/wp-content\/uploads\/Esperanza.jpg\u00bb _builder_version=\u00bb4.9.4&#8243; _module_preset=\u00bbdefault\u00bb text_orientation=\u00bbcenter\u00bb custom_css_member_image=\u00bbborder-radius: 150px;||overflow: hidden;||max-width : 300px;||margin: 0 auto 30px;||-webkit-box-shadow: 0px 0px 20px 1px rgba(38,37,38,0.39);||||\u00bb border_radii_image=\u00bbon|50%|50%|50%|50%\u00bb][\/et_pb_team_member][\/et_pb_column][et_pb_column type=\u00bb1_2&#8243; _builder_version=\u00bb4.9.4&#8243; _module_preset=\u00bbdefault\u00bb][et_pb_team_member name=\u00bbJavier Hern\u00e1ndez Serna\u00bb position=\u00bbVocal\u00bb image_url=\u00bbhttps:\/\/asusenre.com\/wp-content\/uploads\/Javier.png\u00bb _builder_version=\u00bb4.9.4&#8243; _module_preset=\u00bbdefault\u00bb text_orientation=\u00bbcenter\u00bb custom_css_member_image=\u00bbborder-radius: 150px;||overflow: hidden;||max-width : 300px;||margin: 0 auto 30px;||-webkit-box-shadow: 0px 0px 20px 1px rgba(38,37,38,0.39);\u00bb border_radii_image=\u00bbon|50%|50%|50%|50%\u00bb][\/et_pb_team_member][\/et_pb_column][\/et_pb_row][\/et_pb_section][et_pb_section fb_built=\u00bb1&#8243; fullwidth=\u00bbon\u00bb _builder_version=\u00bb4.9.4&#8243; _module_preset=\u00bbdefault\u00bb background_enable_color=\u00bboff\u00bb background_enable_image=\u00bboff\u00bb][et_pb_fullwidth_header title=\u00bbLa uni\u00f3n hace la fuerza\u00bb text_orientation=\u00bbcenter\u00bb logo_image_url=\u00bbhttps:\/\/asusenre.com\/wp-content\/uploads\/VERSION-VERTICAL-liviana-274&#215;300.png\u00bb _builder_version=\u00bb4.9.4&#8243; _module_preset=\u00bbdefault\u00bb title_text_color=\u00bb#000000&#8243; background_enable_color=\u00bboff\u00bb use_background_color_gradient=\u00bbon\u00bb background_color_gradient_start=\u00bbrgba(255,255,255,0.79)\u00bb background_color_gradient_end=\u00bbrgba(255,255,255,0.76)\u00bb background_color_gradient_direction=\u00bb179deg\u00bb background_color_gradient_overlays_image=\u00bbon\u00bb background_image=\u00bbhttps:\/\/asusenre.com\/wp-content\/uploads\/cartagena-desarrollara-plataforma-control-medioambiental-fondos-europeos.png\u00bb hover_enabled=\u00bb0&#8243; button_one_url=\u00bbhttps:\/\/www.unidadyaccion.org\/\u00bb custom_button_one=\u00bbon\u00bb sticky_enabled=\u00bb0&#8243; button_one_text=\u00bbConoce la Federaci\u00f3n\u00bb button_one_text_color=\u00bb#FFFFFF\u00bb button_one_bg_color=\u00bb#E09900&#8243; button_one_bg_enable_color=\u00bbon\u00bb button_one_border_color=\u00bbRGBA(0,0,0,0)\u00bb button_one_border_radius=\u00bb22px\u00bb]<\/p>\n<p><span style=\"color: #000000;\">Por ello somos miembros de la Federaci\u00f3n de asociaciones de consumidores \u00abUnidad y Acci\u00f3n\u00bb<\/span><\/p>\n<p>[\/et_pb_fullwidth_header][\/et_pb_section][et_pb_section fb_built=\u00bb1&#8243; _builder_version=\u00bb4.9.4&#8243; _module_preset=\u00bbdefault\u00bb][et_pb_row _builder_version=\u00bb4.9.4&#8243; _module_preset=\u00bbdefault\u00bb][et_pb_column type=\u00bb4_4&#8243; _builder_version=\u00bb4.9.4&#8243; _module_preset=\u00bbdefault\u00bb][et_pb_text _builder_version=\u00bb4.9.4&#8243; _module_preset=\u00bbdefault\u00bb]<\/p>\n<h1 style=\"text-align: center;\"><strong>Noticias<\/strong><\/h1>\n<p>[\/et_pb_text][et_pb_text _builder_version=\u00bb4.9.4&#8243; _module_preset=\u00bbdefault\u00bb]<\/p>\n<p style=\"text-align: center;\">Te ofrecemos las noticias m\u00e1s recientes sobre energ\u00edas renovables y otros temas de inter\u00e9s.<\/p>\n<p>[\/et_pb_text][et_pb_blog fullwidth=\u00bboff\u00bb posts_number=\u00bb3&#8243; show_more=\u00bbon\u00bb show_author=\u00bboff\u00bb _builder_version=\u00bb4.9.4&#8243; _module_preset=\u00bbdefault\u00bb][\/et_pb_blog][\/et_pb_column][\/et_pb_row][\/et_pb_section]<\/p>","protected":false},"excerpt":{"rendered":"<p>Asesor\u00eda especializada financiada por la subvenci\u00f3n 2025 para la defensa del usuario. [et_pb_section fb_built=\u00bb1&#8243; fullwidth=\u00bbon\u00bb _builder_version=\u00bb4.9.4&#8243; _module_preset=\u00bbdefault\u00bb][et_pb_fullwidth_header title=\u00bbAUER\u00bb subhead=\u00bbAsociaci\u00f3n de usuarios de Energ\u00edas Renovables\u00bb text_orientation=\u00bbcenter\u00bb header_fullscreen=\u00bbon\u00bb logo_image_url=\u00bbhttps:\/\/asusenre.com\/wp-content\/uploads\/LOGO-2-300&#215;300.png\u00bb content_max_width=\u00bb50%\u00bb _builder_version=\u00bb4.9.4&#8243; _module_preset=\u00bbdefault\u00bb title_text_align=\u00bbcenter\u00bb title_text_color=\u00bb#000000&#8243; title_font_size=\u00bb60px\u00bb content_text_color=\u00bb#000000&#8243; content_font_size=\u00bb17px\u00bb content_line_height=\u00bb2.5em\u00bb subhead_text_color=\u00bb#000000&#8243; subhead_font_size=\u00bb14px\u00bb subhead_letter_spacing=\u00bb5px\u00bb background_enable_color=\u00bboff\u00bb use_background_color_gradient=\u00bbon\u00bb background_color_gradient_start=\u00bbrgba(255,255,255,0.76)\u00bb background_color_gradient_end=\u00bbrgba(255,255,255,0.85)\u00bb background_color_gradient_overlays_image=\u00bbon\u00bb background_image=\u00bbhttps:\/\/asusenre.com\/wp-content\/uploads\/autoconsumo-electrico-823&#215;400-1.jpg\u00bb] Promoviendo el autoconsumo de energ\u00eda [\/et_pb_fullwidth_header][\/et_pb_section][et_pb_section fb_built=\u00bb1&#8243; _builder_version=\u00bb4.9.4&#8243; _module_preset=\u00bbdefault\u00bb][et_pb_row _builder_version=\u00bb4.9.4&#8243; [&hellip;]<\/p>\n","protected":false},"author":1,"featured_media":0,"parent":0,"menu_order":0,"comment_status":"closed","ping_status":"closed","template":"","meta":{"_et_pb_use_builder":"on","_et_pb_old_content":"","_et_gb_content_width":"","_joinchat":[],"footnotes":""},"class_list":["post-32","page","type-page","status-publish","hentry"],"_links":{"self":[{"href":"https:\/\/asusenre.com\/index.php?rest_route=\/wp\/v2\/pages\/32","targetHints":{"allow":["GET"]}}],"collection":[{"href":"https:\/\/asusenre.com\/index.php?rest_route=\/wp\/v2\/pages"}],"about":[{"href":"https:\/\/asusenre.com\/index.php?rest_route=\/wp\/v2\/types\/page"}],"author":[{"embeddable":true,"href":"https:\/\/asusenre.com\/index.php?rest_route=\/wp\/v2\/users\/1"}],"replies":[{"embeddable":true,"href":"https:\/\/asusenre.com\/index.php?rest_route=%2Fwp%2Fv2%2Fcomments&post=32"}],"version-history":[{"count":27,"href":"https:\/\/asusenre.com\/index.php?rest_route=\/wp\/v2\/pages\/32\/revisions"}],"predecessor-version":[{"id":308,"href":"https:\/\/asusenre.com\/index.php?rest_route=\/wp\/v2\/pages\/32\/revisions\/308"}],"wp:attachment":[{"href":"https:\/\/asusenre.com\/index.php?rest_route=%2Fwp%2Fv2%2Fmedia&parent=32"}],"curies":[{"name":"wp","href":"https:\/\/api.w.org\/{rel}","templated":true}]}}